{"id":195,"date":"2019-09-26T21:47:22","date_gmt":"2019-09-26T19:47:22","guid":{"rendered":"https:\/\/www.francisduroy.com\/repertoires\/"},"modified":"2020-02-19T15:10:47","modified_gmt":"2020-02-19T14:10:47","slug":"repertoires","status":"publish","type":"page","link":"https:\/\/www.francisduroy.com\/en\/repertoires\/","title":{"rendered":"R\u00e9pertoires"},"content":{"rendered":"<p>[et_pb_section fb_built=&#8221;1&#8243; next_background_color=&#8221;#ffffff&#8221; admin_label=&#8221;Hero Section&#8221; _builder_version=&#8221;3.29.3&#8243; use_background_color_gradient=&#8221;on&#8221; background_color_gradient_start=&#8221;rgba(0,0,0,0.4)&#8221; background_color_gradient_end=&#8221;rgba(0,0,0,0.4)&#8221; background_color_gradient_overlays_image=&#8221;on&#8221; background_image=&#8221;\/\/www.francisduroy.com\/wp-content\/uploads\/2019\/09\/violonR.jpg&#8221; background_position=&#8221;center_right&#8221; custom_padding=&#8221;0px||0px||false|false&#8221; bottom_divider_style=&#8221;slant&#8221; bottom_divider_height=&#8221;60px&#8221; background_color_gradient_direction__hover=&#8221;180deg&#8221; background_color_gradient_direction__hover_enabled=&#8221;180deg&#8221; background_color_gradient_start_position__hover=&#8221;0%&#8221; background_color_gradient_start_position__hover_enabled=&#8221;0%&#8221; background_color_gradient_end_position__hover=&#8221;100%&#8221; background_color_gradient_end_position__hover_enabled=&#8221;100%&#8221;][et_pb_row _builder_version=&#8221;3.25&#8243; custom_margin=&#8221;0px|auto|17px|auto||&#8221; custom_padding=&#8221;79px||111px|||&#8221;][et_pb_column type=&#8221;4_4&#8243; _builder_version=&#8221;3.25&#8243; custom_padding=&#8221;|||&#8221; custom_padding__hover=&#8221;|||&#8221;][et_pb_text admin_label=&#8221;Hero Section Title&#8221; _builder_version=&#8221;3.27.4&#8243; text_font=&#8221;|||on|||||&#8221; header_font=&#8221;Montserrat|600|||||||&#8221; header_font_size=&#8221;48px&#8221; header_letter_spacing=&#8221;3px&#8221; header_line_height=&#8221;1.3em&#8221; header_2_font=&#8221;Montserrat|700|||||||&#8221; header_2_text_color=&#8221;rgba(255,255,255,0.6)&#8221; header_2_font_size=&#8221;90px&#8221; header_2_letter_spacing=&#8221;3px&#8221; header_2_line_height=&#8221;1.1em&#8221; text_orientation=&#8221;center&#8221; background_layout=&#8221;dark&#8221; module_alignment=&#8221;center&#8221; custom_margin=&#8221;||177px|||&#8221; custom_padding=&#8221;0px|||||&#8221; animation_style=&#8221;slide&#8221; animation_direction=&#8221;bottom&#8221; animation_intensity_slide=&#8221;5%&#8221; header_font_size_tablet=&#8221;&#8221; header_font_size_phone=&#8221;28px&#8221; header_font_size_last_edited=&#8221;on|phone&#8221; header_2_font_size_tablet=&#8221;&#8221; header_2_font_size_phone=&#8221;50px&#8221; header_2_font_size_last_edited=&#8221;on|phone&#8221;]<\/p>\n<h2><span style=\"color: #ffffff; font-size: 48px;\">Repertoires<\/span><\/h2>\n<p>[\/et_pb_text][\/et_pb_column][\/et_pb_row][\/et_pb_section][et_pb_section fb_built=&#8221;1&#8243; _builder_version=&#8221;3.29.3&#8243; custom_padding=&#8221;3px||0px|||&#8221;][et_pb_row _builder_version=&#8221;3.29.3&#8243;][et_pb_column type=&#8221;4_4&#8243; _builder_version=&#8221;3.29.3&#8243;][et_pb_text _builder_version=&#8221;4.0.5&#8243;]<\/p>\n<p style=\"text-align: center;\"><strong>You will find on this page several examples of the pieces played during my last concerts.<\/strong><\/p>\n<p>[\/et_pb_text][\/et_pb_column][\/et_pb_row][\/et_pb_section][et_pb_section fb_built=&#8221;1&#8243; admin_label=&#8221;Feature 01&#8243; _builder_version=&#8221;3.29.3&#8243; custom_margin=&#8221;12px|||||&#8221; custom_padding=&#8221;0px||0px|||&#8221; bottom_divider_height=&#8221;60px&#8221;][et_pb_row admin_label=&#8221;Section Title&#8221; _builder_version=&#8221;3.25&#8243; custom_margin=&#8221;-5px|auto|-71px|auto||&#8221; custom_padding=&#8221;||23px|||&#8221; locked=&#8221;off&#8221;][et_pb_column type=&#8221;4_4&#8243; _builder_version=&#8221;3.25&#8243; custom_padding=&#8221;|||&#8221; custom_padding__hover=&#8221;|||&#8221;][et_pb_divider show_divider=&#8221;off&#8221; _builder_version=&#8221;3.2&#8243; max_width=&#8221;23px&#8221; module_alignment=&#8221;center&#8221; custom_margin=&#8221;|||529px||&#8221; animation_style=&#8221;slide&#8221; animation_direction=&#8221;top&#8221; animation_intensity_slide=&#8221;20%&#8221; animation_starting_opacity=&#8221;100%&#8221;][\/et_pb_divider][\/et_pb_column][\/et_pb_row][et_pb_row column_structure=&#8221;1_2,1_2&#8243; _builder_version=&#8221;3.29.3&#8243; custom_margin=&#8221;|383px||auto||&#8221; custom_padding=&#8221;2px||69px|||&#8221;][et_pb_column type=&#8221;1_2&#8243; _builder_version=&#8221;3.29.3&#8243;][et_pb_text _builder_version=&#8221;3.29.3&#8243; custom_padding=&#8221;12px|||12px||&#8221; border_width_all=&#8221;1px&#8221; border_color_all=&#8221;#2222&#8243;]<\/p>\n<p><strong>Repertoire violin &#8211; piano<\/strong><\/p>\n<p>&nbsp;<\/p>\n<ul>\n<li><strong>Franck <\/strong><br \/>Sonata violin piano<\/li>\n<li><strong>Mozart<\/strong> <br \/>Sonatas piano violin K.301, 302, 304, 378, 379, 454, 481, 526, 547<\/li>\n<li><strong>Beethoven\u00a0 \u00a0<\/strong> <br \/>Sonatas violin piano n\u00b0 1, 3, 4, 5 \u00abPrintemps\u00bb, 7,8, 9 \u00abKreutzer\u00bb<\/li>\n<li><strong>Bach<\/strong><br \/>6 sonatas violin clavier<\/li>\n<li><strong>Schumann<\/strong><br \/>Sonata n\u00b01<\/li>\n<li><strong>Brahms<\/strong><br \/>Sonatas 1, 2, 3 \u00a7 Sonatensatz (integrale)<\/li>\n<li><strong>Poulenc<\/strong><br \/>Sonata<\/li>\n<li><strong>Ravel<\/strong><br \/>Sonata 1&amp;2<\/li>\n<li><strong>Debussy<\/strong><br \/>Sonata<\/li>\n<li><strong>Saint-Sa\u00ebns<\/strong><br \/>Sonata n\u00b01<\/li>\n<li><strong>Koechlin<\/strong><br \/>Sonata<\/li>\n<li><strong>Schubert<\/strong><br \/>Sonatines 1, 2, 3<br \/>Rondo B mineur<\/li>\n<li><strong>Tartini<\/strong><br \/>Sonata \u00ab Didone Abandonatta \u00bb<\/li>\n<li><strong>Prokofiev<\/strong><br \/>Sonata n\u00b02<br \/>5 melodies<\/li>\n<li><strong>Turina<\/strong><br \/>Sonatas n\u00b01 &amp; n\u00b02<\/li>\n<li><strong>Janacek<\/strong><br \/>Sonata<\/li>\n<li><strong>Lekeu<\/strong><br \/>Sonata<\/li>\n<li><strong>Faur\u00e9<\/strong><br \/>Sonata n\u00b01<\/li>\n<li><strong>Piern\u00e9<\/strong><br \/>Sonata<br \/>Basque Fantasy<\/li>\n<li><strong>Witkowski<\/strong><br \/>Sonata<\/li>\n<li>&#8230;<\/li>\n<\/ul>\n<p>[\/et_pb_text][\/et_pb_column][et_pb_column type=&#8221;1_2&#8243; _builder_version=&#8221;3.29.3&#8243;][et_pb_text _builder_version=&#8221;4.0.5&#8243; background_color=&#8221;#2222&#8243; custom_margin=&#8221;-1px|||||&#8221; custom_padding=&#8221;18px|||11px||&#8221; hover_enabled=&#8221;0&#8243; border_width_all=&#8221;1px&#8221; border_color_all=&#8221;#2222&#8243;]<\/p>\n<p><strong style=\"font-size: 14px;\">The project &#8220;Sonate \u00e0 Kreutzer&#8221;<br \/> <\/strong><span style=\"font-size: 14px;\">with Marie-Christine Barrault (narrator)\u00a0<\/span><span style=\"font-size: 14px;\">and Carine Zarifian (piano)<\/span><\/p>\n<ul>\n<li><strong>Paganini <\/strong>Cantabile<\/li>\n<li><strong>Brahms <\/strong>Scherzo F.A.E.<\/li>\n<li><strong>Mozart <\/strong>Menuet de la sonate KV304 en mi mineur<\/li>\n<li><strong>Ludwig Van Beethoven<\/strong><br \/> Sonata for piano and violin in D major opus 12 n\u00b01<br \/> Sonata for piano and violin &#8220;\u00e0 Kreutzer&#8221; in A major opus 47 n\u00b09<\/li>\n<\/ul>\n<ul>\n<li><strong style=\"font-size: 14px;\">Text of L\u00e9on Tolstoi<\/strong><\/li>\n<\/ul>\n<p><a href=\"https:\/\/www.francisduroy.com\/wp-content\/uploads\/2020\/02\/Kreutzer-2020.pdf\">Download the full information here<span style=\"font-size: 14px;\">\u00a0<\/span><\/a><\/p>\n<p>[\/et_pb_text][et_pb_text _builder_version=&#8221;3.29.3&#8243; background_color=&#8221;rgba(224,153,0,0.22)&#8221; width=&#8221;98.1%&#8221; custom_margin=&#8221;8px|||||&#8221; custom_padding=&#8221;7px|||10px||&#8221; border_width_all=&#8221;1px&#8221; border_color_all=&#8221;#2222&#8243;]<\/p>\n<p><strong>R\u00e9pertoire avec orchestre<\/strong><\/p>\n<p><strong> <\/strong><\/p>\n<p><strong><\/strong><\/p>\n<ul>\n<li><strong>Mozart <\/strong>Concertos<\/li>\n<li><strong>Brahms\u00a0Concerto\u00a0<\/strong><\/li>\n<li><strong>Beethoven\u00a0<\/strong>Concerto | Triple concerto<\/li>\n<li><b>Saint-Sa\u00ebns n\u00b03 <\/b>Concerto<\/li>\n<li><b>Sibelius <\/b>Concerto<\/li>\n<li><strong>Tcha\u00efkovsky\u00a0<\/strong>Concerto\u00a0<\/li>\n<li><strong>Mendelssohn <\/strong>Concerto<\/li>\n<li><strong>Takemitsu<\/strong><br \/>Nostalgia, in memory of Andre\u00ef Tarkovskij for violin<\/li>\n<li>&#8230;<\/li>\n<\/ul>\n<p>[\/et_pb_text][et_pb_text _builder_version=&#8221;3.29.3&#8243; background_color=&#8221;#FFFFFF&#8221; custom_margin=&#8221;8px|||||&#8221; custom_padding=&#8221;13px|||13px||&#8221; border_width_all=&#8221;1px&#8221; border_color_all=&#8221;#2222&#8243;]<\/p>\n<p><strong>Programme violon &#8211; Guitare<\/strong><\/p>\n<p>&nbsp;<\/p>\n<ul>\n<li><strong>Paganini<\/strong><br \/>Cantabile in D major<br \/>Sonatas for violin and guitar<\/li>\n<li><strong>Piazzolla<\/strong><br \/>Caf\u00e9 1930<br \/>Adios nonino<br \/>Tanguisimo<\/li>\n<li><strong>Corelli<\/strong><br \/>Sonata<\/li>\n<li><strong>Vivaldi<\/strong><br \/>Sonata<\/li>\n<\/ul>\n<p>[\/et_pb_text][et_pb_text _builder_version=&#8221;3.29.3&#8243; background_color=&#8221;#2222&#8243; custom_margin=&#8221;8px|||||&#8221; custom_padding=&#8221;13px||12px|10px||&#8221; border_width_all=&#8221;1px&#8221; border_color_all=&#8221;#2222&#8243;]<\/p>\n<p><strong>Music chamber repertoires and violin accordion repertoire<\/strong><span style=\"font-size: 14px;\">\u00a0<\/span><\/p>\n<p>Upon request<\/p>\n<p>[\/et_pb_text][\/et_pb_column][\/et_pb_row][\/et_pb_section]<\/p>\n","protected":false},"excerpt":{"rendered":"<p>RepertoiresYou will find on this page several examples of the pieces played during my last concerts.Repertoire violin &#8211; piano &nbsp; Franck Sonata violin piano Mozart Sonatas piano violin K.301, 302, 304, 378, 379, 454, 481, 526, 547 Beethoven\u00a0 \u00a0 Sonatas violin piano n\u00b0 1, 3, 4, 5 \u00abPrintemps\u00bb, 7,8, 9 \u00abKreutzer\u00bb Bach6 sonatas violin clavier [&hellip;]<\/p>\n","protected":false},"author":2,"featured_media":0,"parent":0,"menu_order":0,"comment_status":"closed","ping_status":"closed","template":"","meta":{"_et_pb_use_builder":"on","_et_pb_old_content":"<p>Voici un exemple de page. Elle est diff\u00e9rente d\u2019un article de blog, en cela qu\u2019elle restera \u00e0 la m\u00eame place, et s\u2019affichera dans le menu de navigation de votre site (en fonction de votre th\u00e8me). La plupart des gens commencent par \u00e9crire une page \u00ab\u00a0\u00c0 Propos\u00a0\u00bb qui les pr\u00e9sente aux visiteurs potentiels du site. Vous pourriez y \u00e9crire quelque chose de ce tenant\u00a0:<\/p><blockquote><p>Bonjour\u00a0! Je suis un m\u00e9canicien qui aspire \u00e0 devenir un acteur, et ceci est mon blog. J\u2019habite \u00e0 Bordeaux, j\u2019ai un super chien qui s\u2019appelle Russell, et j\u2019aime la vodka-ananas (ainsi que perdre mon temps \u00e0 regarder la pluie tomber).<\/p><\/blockquote><p>...ou bien quelque chose comme cela\u00a0:<\/p><blockquote><p>La soci\u00e9t\u00e9 123 Machin Truc a \u00e9t\u00e9 cr\u00e9\u00e9e en 1971, et n\u2019a cess\u00e9 de proposer au public des machins-trucs de qualit\u00e9 depuis cette ann\u00e9e. Situ\u00e9e \u00e0 Saint-Remy-en-Bouzemont-Saint-Genest-et-Isson, 123 Machin Truc emploie 2\u00a0000 personnes, et fabrique toutes sortes de bidules super pour la communaut\u00e9 bouzemontoise.<\/p><\/blockquote><p>\u00c9tant donn\u00e9 que vous \u00eates un nouvel utilisateur ou une nouvelle utilisatrice de WordPress, vous devriez vous rendre sur votre <a href=\"http:\/\/www.francisduroy.com\/wp-admin\/\">tableau de bord<\/a> pour effacer la pr\u00e9sente page, et cr\u00e9er de nouvelles pages avec votre propre contenu. Amusez-vous bien\u00a0!<\/p>","_et_gb_content_width":"","footnotes":""},"_links":{"self":[{"href":"https:\/\/www.francisduroy.com\/en\/wp-json\/wp\/v2\/pages\/195"}],"collection":[{"href":"https:\/\/www.francisduroy.com\/en\/wp-json\/wp\/v2\/pages"}],"about":[{"href":"https:\/\/www.francisduroy.com\/en\/wp-json\/wp\/v2\/types\/page"}],"author":[{"embeddable":true,"href":"https:\/\/www.francisduroy.com\/en\/wp-json\/wp\/v2\/users\/2"}],"replies":[{"embeddable":true,"href":"https:\/\/www.francisduroy.com\/en\/wp-json\/wp\/v2\/comments?post=195"}],"version-history":[{"count":5,"href":"https:\/\/www.francisduroy.com\/en\/wp-json\/wp\/v2\/pages\/195\/revisions"}],"predecessor-version":[{"id":262,"href":"https:\/\/www.francisduroy.com\/en\/wp-json\/wp\/v2\/pages\/195\/revisions\/262"}],"wp:attachment":[{"href":"https:\/\/www.francisduroy.com\/en\/wp-json\/wp\/v2\/media?parent=195"}],"curies":[{"name":"wp","href":"https:\/\/api.w.org\/{rel}","templated":true}]}}