{"id":196,"date":"2019-09-26T19:44:15","date_gmt":"2019-09-26T17:44:15","guid":{"rendered":"https:\/\/www.francisduroy.com\/presse\/"},"modified":"2020-01-08T18:50:03","modified_gmt":"2020-01-08T17:50:03","slug":"presse","status":"publish","type":"page","link":"https:\/\/www.francisduroy.com\/en\/presse\/","title":{"rendered":"Presse"},"content":{"rendered":"<p>[et_pb_section fb_built=&#8221;1&#8243; next_background_color=&#8221;#ffffff&#8221; admin_label=&#8221;Hero Section&#8221; _builder_version=&#8221;3.29.3&#8243; use_background_color_gradient=&#8221;on&#8221; background_color_gradient_start=&#8221;rgba(0,0,0,0.4)&#8221; background_color_gradient_end=&#8221;rgba(0,0,0,0.4)&#8221; background_color_gradient_overlays_image=&#8221;on&#8221; background_image=&#8221;\/\/www.francisduroy.com\/wp-content\/uploads\/2019\/09\/violonR.jpg&#8221; background_position=&#8221;center_right&#8221; custom_padding=&#8221;0px||0px||false|false&#8221; bottom_divider_style=&#8221;slant&#8221; bottom_divider_height=&#8221;60px&#8221; background_color_gradient_direction__hover=&#8221;180deg&#8221; background_color_gradient_direction__hover_enabled=&#8221;180deg&#8221; background_color_gradient_start_position__hover=&#8221;0%&#8221; background_color_gradient_start_position__hover_enabled=&#8221;0%&#8221; background_color_gradient_end_position__hover=&#8221;100%&#8221; background_color_gradient_end_position__hover_enabled=&#8221;100%&#8221;][et_pb_row _builder_version=&#8221;3.25&#8243; custom_margin=&#8221;0px|auto|17px|auto||&#8221; custom_padding=&#8221;79px||111px|||&#8221;][et_pb_column type=&#8221;4_4&#8243; _builder_version=&#8221;3.25&#8243; custom_padding=&#8221;|||&#8221; custom_padding__hover=&#8221;|||&#8221;][et_pb_text admin_label=&#8221;Hero Section Title&#8221; _builder_version=&#8221;3.27.4&#8243; text_font=&#8221;|||on|||||&#8221; header_font=&#8221;Montserrat|600|||||||&#8221; header_font_size=&#8221;48px&#8221; header_letter_spacing=&#8221;3px&#8221; header_line_height=&#8221;1.3em&#8221; header_2_font=&#8221;Montserrat|700|||||||&#8221; header_2_text_color=&#8221;rgba(255,255,255,0.6)&#8221; header_2_font_size=&#8221;90px&#8221; header_2_letter_spacing=&#8221;3px&#8221; header_2_line_height=&#8221;1.1em&#8221; text_orientation=&#8221;center&#8221; background_layout=&#8221;dark&#8221; module_alignment=&#8221;center&#8221; custom_margin=&#8221;||177px|||&#8221; custom_padding=&#8221;0px|||||&#8221; animation_style=&#8221;slide&#8221; animation_direction=&#8221;bottom&#8221; animation_intensity_slide=&#8221;5%&#8221; header_font_size_tablet=&#8221;&#8221; header_font_size_phone=&#8221;28px&#8221; header_font_size_last_edited=&#8221;on|phone&#8221; header_2_font_size_tablet=&#8221;&#8221; header_2_font_size_phone=&#8221;50px&#8221; header_2_font_size_last_edited=&#8221;on|phone&#8221;]<\/p>\n<h2><span style=\"color: #ffffff; font-size: 48px;\">Press<\/span><\/h2>\n<p>[\/et_pb_text][\/et_pb_column][\/et_pb_row][\/et_pb_section][et_pb_section fb_built=&#8221;1&#8243; admin_label=&#8221;Feature 01&#8243; _builder_version=&#8221;3.29.3&#8243; custom_margin=&#8221;12px|||||&#8221; custom_padding=&#8221;0px||0px|||&#8221; bottom_divider_height=&#8221;60px&#8221;][et_pb_row admin_label=&#8221;Section Title&#8221; _builder_version=&#8221;3.25&#8243; custom_margin=&#8221;-5px|auto|-71px|auto||&#8221; custom_padding=&#8221;||23px|||&#8221; locked=&#8221;off&#8221;][et_pb_column type=&#8221;4_4&#8243; _builder_version=&#8221;3.25&#8243; custom_padding=&#8221;|||&#8221; custom_padding__hover=&#8221;|||&#8221;][et_pb_divider show_divider=&#8221;off&#8221; _builder_version=&#8221;3.2&#8243; max_width=&#8221;23px&#8221; module_alignment=&#8221;center&#8221; animation_style=&#8221;slide&#8221; animation_direction=&#8221;top&#8221; animation_intensity_slide=&#8221;20%&#8221; animation_starting_opacity=&#8221;100%&#8221;][\/et_pb_divider][\/et_pb_column][\/et_pb_row][et_pb_row column_structure=&#8221;1_4,1_4,1_4,1_4&#8243; _builder_version=&#8221;3.29.3&#8243; custom_margin=&#8221;|383px|60px|auto||&#8221; custom_padding=&#8221;0px||0px|||&#8221;][et_pb_column type=&#8221;1_4&#8243; _builder_version=&#8221;3.29.3&#8243;][et_pb_blurb title=&#8221;CD Koechlin &#8221; image=&#8221;http:\/\/www.francisduroy.com\/wp-content\/uploads\/2019\/09\/Le-monde-de-la-musique.jpg&#8221; _builder_version=&#8221;3.29.3&#8243; body_font=&#8221;||on||||||&#8221; background_color=&#8221;#2222&#8243; custom_padding=&#8221;9px|11px||10px||&#8221;]<\/p>\n<p><span style=\"font-weight: 400;\">Real qualities, good installation, sensitivity, sobriety of certain inflections.<\/span><\/p>\n<p>[\/et_pb_blurb][et_pb_blurb image=&#8221;http:\/\/www.francisduroy.com\/wp-content\/uploads\/2019\/09\/Lest-Republicain.jpg&#8221; _builder_version=&#8221;3.29.3&#8243; body_font=&#8221;||on||||||&#8221; background_color=&#8221;#FFFFFF&#8221; custom_padding=&#8221;9px|11px||10px||&#8221; border_width_all=&#8221;1px&#8221; border_color_all=&#8221;#2222&#8243;]<\/p>\n<p><span style=\"font-weight: 400;\">Francis Duroy, an internationally renowned violinist, was present Monday in the impressive \u201cGrande Chambre de la Cour d\u2019Appel de Nancy\u201d. For an exceptional recital &#8230; No wonder then that this room was full that evening of a conquered audience.<\/span><\/p>\n<p>[\/et_pb_blurb][et_pb_blurb title=&#8221;A duo that borders on perfection &#8230; Vivacity and melody<br \/>\n&#8221; url=&#8221;https:\/\/www.lalsace.fr\/haut-rhin\/2019\/07\/25\/francis-duroy-retour-gagnant&#8221; image=&#8221;http:\/\/www.francisduroy.com\/wp-content\/uploads\/2019\/09\/Lalsace.jpg&#8221; _builder_version=&#8221;3.29.3&#8243; body_font=&#8221;||on||||||&#8221; background_color=&#8221;#ffffff&#8221; custom_padding=&#8221;9px|11px||10px||&#8221; border_radii=&#8221;on|2px|2px|2px|2px&#8221; border_width_all=&#8221;1px&#8221; border_color_all=&#8221;#000000&#8243;]<\/p>\n<p><span style=\"font-weight: 400;\">A remarkable pianist (Carine Zarifian) and a violinist (Francis Duroy) who was able to unleash all his virtuosity\u2026<\/span><\/p>\n<p><span style=\"font-weight: 400;\">Sensitivity to the fingertips of both the violinist and the pianist. A remarkable game individually, an excellent cohesion of the whole &#8230; A treat. To listen to and see.<\/span><\/p>\n<p>[\/et_pb_blurb][et_pb_blurb image=&#8221;http:\/\/www.francisduroy.com\/wp-content\/uploads\/2019\/09\/Lalsace.jpg&#8221; _builder_version=&#8221;3.29.3&#8243; body_font=&#8221;||on||||||&#8221; background_color=&#8221;#2222&#8243; custom_padding=&#8221;9px|11px||10px||&#8221;]<\/p>\n<p><span style=\"font-weight: 400;\">The sonata for violin and piano (1916) by Charles Koechlin, played, or rather lived by Francis Duroy and Jean-Marie Cottet, thus exerted an uninterrupted charm, that very one of the world of fairies and goblins that the work enjoys to suggest. It is visible that Francis Duroy met in the music of Charles Koechlin a universe where he feels particularly himself. Before the burst of a great final crescendo, its sound becomes soft and muted, like the voice of a storyteller who takes children to the land of spells, a child himself. And the sonata to walk without hurrying among the trees and streams of dreams. ..For violinist Francis Duroy, artistic director of Musicalta, who tirelessly played the main role during Thursday&#8217;s rich concert, the course was likely to be grueling. In any case, we didn\u2019t notice it and, until the end, we could admire the ease of the first soloist and the variety of colors required by the program.<\/span><\/p>\n<p>[\/et_pb_blurb][et_pb_blurb url=&#8221;https:\/\/www.letelegramme.fr\/local\/finistere-sud\/quimper\/ville\/f-duroy-h-demarquette-un-duo-complice-10-08-2012-1802894.php&#8221; url_new_window=&#8221;on&#8221; image=&#8221;http:\/\/www.francisduroy.com\/wp-content\/uploads\/2019\/10\/Telegramme.png&#8221; _builder_version=&#8221;3.29.3&#8243; body_font=&#8221;||on||||||&#8221; background_color=&#8221;#2222&#8243; custom_padding=&#8221;11px|9px||10px||&#8221;]<\/p>\n<p>Yesterday&#8217;s concert at Kerdevot was a big first. The violinist Francis Duroy and the cellist Henri Demarquette had never met. The initiative obviously delighted them.<\/p>\n<p>[\/et_pb_blurb][et_pb_blurb _builder_version=&#8221;3.29.3&#8243;][\/et_pb_blurb][\/et_pb_column][et_pb_column type=&#8221;1_4&#8243; _builder_version=&#8221;3.29.3&#8243;][et_pb_blurb url=&#8221;https:\/\/www.concertclassic.com\/article\/34eme-semaines-musicales-de-quimper-variete-et-qualite-compte-rendu&#8221; image=&#8221;http:\/\/www.francisduroy.com\/wp-content\/uploads\/2019\/10\/Concert-Classic.png&#8221; _builder_version=&#8221;3.29.3&#8243; body_font=&#8221;||on||||||&#8221; background_color=&#8221;#FFFFFF&#8221; custom_padding=&#8221;9px|11px||10px||&#8221; border_width_all=&#8221;1px&#8221; border_color_all=&#8221;#000000&#8243;]<\/p>\n<p><span style=\"font-weight: 400;\">The intimacy of the Gothic Notre-Dame of Kerd\u00e9vot church in Ergu\u00e9-Gab\u00e9ric, despite the constraints of overly reverberated acoustics, is suitable for the performance of two rare works for violin and cello (the Duo by Zoltan Kod\u00e1ly and the Sonata by Maurice Ravel) by the bows of Francis Duroy and Henri Demarquette. Committed and rhapsodic interpretation at will for the play of the Hungarian, fiery and rigorous for that of the author of the Bol\u00e9ro; an exercise in a little austere style but perfectly assumed by high-level soloists. These rare moments of music are shared by an attentive audience, almost frustrated by an hour of music so successful that a Fantasia of Lassus and the resumption in bis of the Very lively median of the Sonata by Ravel completes to satiate it.<\/span><\/p>\n<p><span style=\"font-size: 14px;\">Michel le Naour<\/span><span style=\"font-size: 14px;\">\u00a0<\/span><\/p>\n<p>[\/et_pb_blurb][et_pb_blurb title=&#8221;CD Koechlin&#8221; image=&#8221;http:\/\/www.francisduroy.com\/wp-content\/uploads\/2019\/09\/Pianiste.jpg&#8221; _builder_version=&#8221;3.29.3&#8243; body_font=&#8221;||on||||||&#8221; background_color=&#8221;#FFFFFF&#8221; custom_padding=&#8221;9px|11px||10px||&#8221; border_width_all=&#8221;1px&#8221; border_color_all=&#8221;#2222&#8243;]<\/p>\n<p><span style=\"font-weight: 400;\">As well as the Violin and Piano Sonata recorded here, Charles Koechlin&#8217;s writing is precise and free of all emphasis. The refinement and balance of the finale are a barely concealed tribute to Gabriel Faur\u00e9 to whom this sonata is dedicated. The dark and heavy atmosphere of the Quintet evokes the transfigured night of Schoenberg, nothing less.<\/span><\/p>\n<p>[\/et_pb_blurb][et_pb_blurb title=&#8221;Piano Magazine&#8221; use_icon=&#8221;on&#8221; font_icon=&#8221;%%209%%&#8221; icon_color=&#8221;#565656&#8243; _builder_version=&#8221;3.29.3&#8243; body_font=&#8221;||on||||||&#8221; background_color=&#8221;#2222&#8243; custom_padding=&#8221;9px|11px||10px||&#8221;]<\/p>\n<p><span style=\"font-weight: 400;\">The musicians adopt the right tone, restoring with relevance the fantastic and magical accents of the Sonata for violin and piano, formulating with refinement the murmurs and the atonal cries of the Quintet. A performance that does justice to Koechlin\u2019s genius and eclecticism.<\/span><\/p>\n<p>[\/et_pb_blurb][et_pb_blurb image=&#8221;http:\/\/www.francisduroy.com\/wp-content\/uploads\/2019\/09\/DNA.jpg&#8221; _builder_version=&#8221;3.29.3&#8243; body_font=&#8221;||on||||||&#8221; background_color=&#8221;#FFFFFF&#8221; custom_padding=&#8221;9px|11px||10px||&#8221; border_width_all=&#8221;1px&#8221; border_color_all=&#8221;#2222&#8243;]<\/p>\n<p><span style=\"font-weight: 400;\">In the Sonata in A Major opus 13 by Faure the bow of Francis Duroy and his great sense of color worked wonders and perfectly rendered this work of great plenitude.<\/span><\/p>\n<p>[\/et_pb_blurb][et_pb_blurb title=&#8221;Musicos Tonos &#8211; Greece&#8221; use_icon=&#8221;on&#8221; font_icon=&#8221;%%209%%&#8221; icon_color=&#8221;#565656&#8243; _builder_version=&#8221;3.29.3&#8243; body_font=&#8221;||on||||||&#8221; background_color=&#8221;#2222&#8243; custom_padding=&#8221;9px|11px||10px||&#8221;]<\/p>\n<p><span style=\"font-weight: 400;\">In Charles Koechlin&#8217; s sonata for violin and piano opus 64, Francis Duroy and Thierry Rosbach carefully and sensitively interpret polyphony and large melodies\u2026 in the first part, they create an attractive fairy tale in an atmosphere where the sounds are contrasted with relevance<\/span><\/p>\n<p>[\/et_pb_blurb][\/et_pb_column][et_pb_column type=&#8221;1_4&#8243; _builder_version=&#8221;3.29.3&#8243;][et_pb_image src=&#8221;http:\/\/www.francisduroy.com\/wp-content\/uploads\/2019\/09\/photographie-avec-baseline-japonaise.jpg&#8221; _builder_version=&#8221;3.29.3&#8243; border_width_all=&#8221;1px&#8221; border_color_all=&#8221;#2222&#8243;][\/et_pb_image][et_pb_blurb title=&#8221;\u201cA crowd gathered for an exceptional duo\u201d&#8221; url=&#8221;https:\/\/www.ouest-france.fr\/bretagne\/quimper-29000\/un-public-recueilli-pour-un-duo-exceptionnel-1322718\/amp&#8221; image=&#8221;http:\/\/www.francisduroy.com\/wp-content\/uploads\/2019\/10\/Ouest-France.png&#8221; _builder_version=&#8221;3.29.3&#8243; body_font=&#8221;||on||||||&#8221; background_color=&#8221;#FFFFFF&#8221; custom_padding=&#8221;9px|11px||10px||&#8221; border_width_all=&#8221;1px&#8221; border_color_all=&#8221;#2222&#8243;]<\/p>\n<p><span style=\"font-weight: 400;\">The sounds of two stringed instruments filled the ears of spectators of the Musical Weeks this Thursday in Ergu\u00e9-Gab\u00e9ric.<\/span><\/p>\n<p><span style=\"font-weight: 400;\">Henri Demarquette on the cello and Francis Duroy on the violin had chosen an unusual program, which perhaps explains a slightly reduced, but high-quality audience.<\/span><\/p>\n<p><span style=\"font-weight: 400;\"><\/span><\/p>\n<p><span style=\"font-weight: 400;\">The sonata of Hungarian composer Zoltan Kodaly invites you to travel and introspection. The cello attack in the first movement gives this instrument its full power, accompanied by the purity of the violin. Throughout the concert, the exceptional silence and the listening quality of the audience did not stop.<\/span><\/p>\n<p><span style=\"font-weight: 400;\">In Ravel&#8217;s sonata, which followed this foray into Eastern Europe, we find the talent of the two artists, offering a sinuous theme in the first movement, pizzicati and dialogues, octaves and perfect unison in the rest of the work.<\/span><\/p>\n<p>[\/et_pb_blurb][et_pb_blurb title=&#8221;Le courrier fran\u00e7ais Touraine&#8221; use_icon=&#8221;on&#8221; font_icon=&#8221;%%71%%&#8221; icon_color=&#8221;#4f4f4f&#8221; _builder_version=&#8221;3.29.3&#8243; body_font=&#8221;||on||||||&#8221; background_color=&#8221;#2222&#8243; custom_padding=&#8221;11px|11px||10px||&#8221;]<\/p>\n<p><span style=\"font-weight: 400;\">Emotion visible in the church &#8230;, the audience let itself be carried away by the fine and nuanced interpretation of the Four Seasons &#8230; this work that everyone knows or believes to know took on new dimensions under the bow inspired by Francis Duroy.<\/span><\/p>\n<p>[\/et_pb_blurb][et_pb_blurb title=&#8221;Remiremont Vall\u00e9es&#8221; url=&#8221;https:\/\/remiremontvallees.com\/2019\/07\/21\/gerbamont-un-soir-dete-en-la-chapelle-recital-francis-duroy-violon-carine-zarifian-piano\/&#8221; use_icon=&#8221;on&#8221; font_icon=&#8221;%%209%%&#8221; _builder_version=&#8221;4.0.5&#8243; body_font=&#8221;||on||||||&#8221; background_color=&#8221;#ffffff&#8221; custom_padding=&#8221;9px|11px||10px||&#8221; border_width_all=&#8221;1px&#8221; border_color_all=&#8221;#000000&#8243;]<\/p>\n<p><span style=\"font-weight: 400;\">If the two artists succeeded in translating remarkably the intimate feelings which lived the composers played this evening, the fact remained that it was indeed the passion which led the dance. Sonatensatz by Brahms, sonata in A minor by Schumann, sonata in D minor by Saint-Sa\u00ebns, Spanish dance by Granados, Cantabile by Paganini\u2026 electrified an audience who did not know whether to stick to the notes or if their eyes should be used to soak up the music of the masters.<\/span><\/p>\n<p><span style=\"font-weight: 400;\">Because Francis Duroy became one with his instrument, perhaps it was the violin itself and its twirling bow, it seems to have become uncontrollable, which imposed on the artist this passionate, even frenzied game. <\/span><\/p>\n<p><span style=\"font-weight: 400;\">Pedagogue and dripping, Francis Duroy took advantage of a &#8220;lull&#8221; to tell a thousand and one anecdotes relating to the work he was about to interpret and all in humor for the greatest joy of a conquered public who appreciated the simplicity and the talent of the two great artists, accustomed to the great international scenes.<\/span><\/p>\n<p><span style=\"font-weight: 400;\">From Kreisler to Sarasate, from encore to encore, it was necessary to conclude and it was under a salvo fed by applause that it was necessary to stop, that ended this evening placed under the sign of virtuosity, around a glass of shared and beneficent friendship<\/span><\/p>\n<p>[\/et_pb_blurb][\/et_pb_column][et_pb_column type=&#8221;1_4&#8243; _builder_version=&#8221;3.29.3&#8243;][et_pb_blurb title=&#8221;CD Koechlin&#8221; image=&#8221;http:\/\/www.francisduroy.com\/wp-content\/uploads\/2019\/09\/ClassicaR\u00e9pertoire.jpg&#8221; _builder_version=&#8221;3.29.3&#8243; body_font=&#8221;||on||||||&#8221; background_color=&#8221;#FFFFFF&#8221; custom_padding=&#8221;9px|11px||10px||&#8221; border_width_all=&#8221;1px&#8221; border_color_all=&#8221;#000000&#8243;]<\/p>\n<p><i><span style=\"font-weight: 400;\">The musicians on this disc (Jean-Pierre Sabouret and Francis Duroy violins &#8211; St\u00e9phane Marcel, viola Philippe Bary, cello &#8211; Thierry Rosbach, piano) bring to both works undeniable expertise and real musical sensitivity.<\/span><\/i><\/p>\n<p>[\/et_pb_blurb][et_pb_blurb title=&#8221;atravesdelacultura &#8211; Espagne&#8221; use_icon=&#8221;on&#8221; font_icon=&#8221;%%71%%&#8221; icon_color=&#8221;#4f4f4f&#8221; _builder_version=&#8221;3.29.3&#8243; body_font=&#8221;||on||||||&#8221; background_color=&#8221;#2222&#8243; custom_padding=&#8221;11px|11px||10px||&#8221;]<\/p>\n<p><i><span style=\"font-weight: 400;\">Mendelssohn&#8217;s magnificent violin concerto is a masterpiece &#8230; The impressive soloist Francis Duroy. The pure and resounding sound.<\/span><\/i><\/p>\n<p>[\/et_pb_blurb][et_pb_blurb image=&#8221;http:\/\/www.francisduroy.com\/wp-content\/uploads\/2019\/09\/DNA.jpg&#8221; _builder_version=&#8221;3.29.3&#8243; body_font=&#8221;||on||||||&#8221; background_color=&#8221;#FFFFFF&#8221; custom_padding=&#8221;9px|11px||10px||&#8221; border_width_all=&#8221;1px&#8221; border_color_all=&#8221;#2222&#8243;]<\/p>\n<p><i><span style=\"font-weight: 400;\">The elegance of the subject was matched by that of the interpretation: functioning as a real quartet, Jean-Pierre Sabouret, Francis Duroy, St\u00e9phane Marcel and Philippe Bary exposed it with consummate art, the uncertainties, tensions, fevers, often recalled to order by the imperious piano of Thierry Rosbach. Dense and inhabited, a very nice read that these same interpreters are about to record soon? Few concert programmers cared, this year of the 50th anniversary of the disappearance of Charles Koechlin, a prolific and refined musician, but failing to do so today, having been a hopelessly free and therefore unclassifiable artist. Koechlin&#8217;s immense work is reminiscent of the qualities of this atypical festival: quality, originality, good friendliness?<\/span><\/i><\/p>\n<p>[\/et_pb_blurb][et_pb_blurb image=&#8221;http:\/\/www.francisduroy.com\/wp-content\/uploads\/2019\/09\/DNA.jpg&#8221; _builder_version=&#8221;3.29.3&#8243; body_font=&#8221;||on||||||&#8221; background_color=&#8221;#2222&#8243; custom_padding=&#8221;9px|11px||10px||&#8221;]<\/p>\n<p>Mendelssohn and Jack. (&#8230;) Nicolas V\u00e9rin&#8217;s work, Chass\u00e9-crois\u00e9 III, for two violins &#8211; Francis Duroy and Nathalie Geoffray &#8211; was, on the other hand, a great success in terms of musical investment and sound balance. Not a drop in tension in this strange work haunted by glissandos, a chass\u00e9-crois\u00e9 that sometimes takes on the appearance of a chase and whose rhythmic energy never drops.<\/p>\n<p>[\/et_pb_blurb][\/et_pb_column][\/et_pb_row][\/et_pb_section]<\/p>\n","protected":false},"excerpt":{"rendered":"<p>PressReal qualities, good installation, sensitivity, sobriety of certain inflections.Francis Duroy, an internationally renowned violinist, was present Monday in the impressive \u201cGrande Chambre de la Cour d\u2019Appel de Nancy\u201d. For an exceptional recital &#8230; No wonder then that this room was full that evening of a conquered audience.A remarkable pianist (Carine Zarifian) and a violinist (Francis [&hellip;]<\/p>\n","protected":false},"author":2,"featured_media":0,"parent":0,"menu_order":0,"comment_status":"closed","ping_status":"closed","template":"","meta":{"_et_pb_use_builder":"on","_et_pb_old_content":"<p>Voici un exemple de page. Elle est diff\u00e9rente d\u2019un article de blog, en cela qu\u2019elle restera \u00e0 la m\u00eame place, et s\u2019affichera dans le menu de navigation de votre site (en fonction de votre th\u00e8me). La plupart des gens commencent par \u00e9crire une page \u00ab\u00a0\u00c0 Propos\u00a0\u00bb qui les pr\u00e9sente aux visiteurs potentiels du site. Vous pourriez y \u00e9crire quelque chose de ce tenant\u00a0:<\/p><blockquote><p>Bonjour\u00a0! Je suis un m\u00e9canicien qui aspire \u00e0 devenir un acteur, et ceci est mon blog. J\u2019habite \u00e0 Bordeaux, j\u2019ai un super chien qui s\u2019appelle Russell, et j\u2019aime la vodka-ananas (ainsi que perdre mon temps \u00e0 regarder la pluie tomber).<\/p><\/blockquote><p>...ou bien quelque chose comme cela\u00a0:<\/p><blockquote><p>La soci\u00e9t\u00e9 123 Machin Truc a \u00e9t\u00e9 cr\u00e9\u00e9e en 1971, et n\u2019a cess\u00e9 de proposer au public des machins-trucs de qualit\u00e9 depuis cette ann\u00e9e. Situ\u00e9e \u00e0 Saint-Remy-en-Bouzemont-Saint-Genest-et-Isson, 123 Machin Truc emploie 2\u00a0000 personnes, et fabrique toutes sortes de bidules super pour la communaut\u00e9 bouzemontoise.<\/p><\/blockquote><p>\u00c9tant donn\u00e9 que vous \u00eates un nouvel utilisateur ou une nouvelle utilisatrice de WordPress, vous devriez vous rendre sur votre <a href=\"http:\/\/www.francisduroy.com\/wp-admin\/\">tableau de bord<\/a> pour effacer la pr\u00e9sente page, et cr\u00e9er de nouvelles pages avec votre propre contenu. Amusez-vous bien\u00a0!<\/p>","_et_gb_content_width":"","footnotes":""},"_links":{"self":[{"href":"https:\/\/www.francisduroy.com\/en\/wp-json\/wp\/v2\/pages\/196"}],"collection":[{"href":"https:\/\/www.francisduroy.com\/en\/wp-json\/wp\/v2\/pages"}],"about":[{"href":"https:\/\/www.francisduroy.com\/en\/wp-json\/wp\/v2\/types\/page"}],"author":[{"embeddable":true,"href":"https:\/\/www.francisduroy.com\/en\/wp-json\/wp\/v2\/users\/2"}],"replies":[{"embeddable":true,"href":"https:\/\/www.francisduroy.com\/en\/wp-json\/wp\/v2\/comments?post=196"}],"version-history":[{"count":3,"href":"https:\/\/www.francisduroy.com\/en\/wp-json\/wp\/v2\/pages\/196\/revisions"}],"predecessor-version":[{"id":221,"href":"https:\/\/www.francisduroy.com\/en\/wp-json\/wp\/v2\/pages\/196\/revisions\/221"}],"wp:attachment":[{"href":"https:\/\/www.francisduroy.com\/en\/wp-json\/wp\/v2\/media?parent=196"}],"curies":[{"name":"wp","href":"https:\/\/api.w.org\/{rel}","templated":true}]}}